{"id":212,"date":"2019-01-02T17:15:50","date_gmt":"2019-01-02T17:15:50","guid":{"rendered":"http:\/\/triquency.de\/?page_id=212"},"modified":"2024-06-27T10:57:38","modified_gmt":"2024-06-27T10:57:38","slug":"impressum","status":"publish","type":"page","link":"https:\/\/triquency.de\/?page_id=212","title":{"rendered":"Impressum"},"content":{"rendered":"\n<p><br><\/p>\n\n\n\n<p>Radio TRIQUENCY e.V.<br> V.i.S.d.P.: Prof. Dr. Frank Lechtenberg<br> Technische Hochschule Ostwestfalen-Lippe<br> Campusallee 12<br> 32657 Lemgo<br> Tel.: 0 52 61 \/ 70 2 24 25<br> Fax: 0 52 61 \/ 70 2 5 24 25<br> info@triquency.de<br> www.triquency.de<\/p>\n\n\n\n<p>Inhaltlich verantwortlich nach \u00a7 55 Abs. 2 RStV:<br>\nProf. Dr. Frank Lechtenberg<br>\nAnschrift: s.o.<\/p>\n\n\n\n<p>Copyright by Radio TRIQUENCY<br>\nHerausgegeben von Radio TRIQUENCY<\/p>\n\n\n\n<p>Vereinsregister: Amtsgericht Lemgo<br>\nVereinsnummer: VR 969<\/p>\n\n\n\n<p>Vorstand Triquency<\/p>\n\n\n\n<p>1. Vorsitzender: Carsten Halm<br> 2. Vorstand Ausbildung: Stefan Schreich<br> 3. Vorstand Technik: Tom Kentner<br> 4. Geborenes Mitglied: Frank Lechtenberg<br> Das Gesamtkonzept inkl. aktueller Satzung k\u00f6nnt ihr euch&nbsp;<a href=\"https:\/\/triquency.de\/wp-content\/uploads\/2023\/01\/Vereinssatzung_aktuell.pdf\" data-type=\"URL\" data-id=\"https:\/\/triquency.de\/wp-content\/uploads\/2023\/01\/Vereinssatzung_aktuell.pdf\">hier downloaden<\/a>.<\/p>\n\n\n\n<p><strong>Radio Beirat:<\/strong><\/p>\n\n\n\n<p><strong>Christina Wolff<\/strong><br>\nRadio Herford,<br>\nModeratorin<\/p>\n\n\n\n<p><strong>Markus Knoblich<\/strong><br>\nRadio Lippe,<br>\nChefredakteur<\/p>\n\n\n\n<p><strong>Thomas Wolf<\/strong><br>\nStadt Barsinghausen<\/p>\n\n\n\n<p><strong>Tobias H\u00e4usler<\/strong><br>\nWDR aktuell<br>\nModerator<br>\n<strong><br>\nKontakt: beirat@triquency.de<\/strong><\/p>\n\n\n\n<p>Aufsichtsbeh\u00f6rde f\u00fcr das Campusradio:<br>\nLandesanstalt f\u00fcr Medien Nordrhein-Wstfalen<br>\nZollhof 2<br>\n40221 D\u00fcsseldorf<br>\n<a href=\"http:\/\/www.lfm-nrw.de\/\">www.lfm-nrw.de<\/a><\/p>\n\n\n\n<p><strong>Die Nutzung und Vervielf\u00e4ltigung eines, in unserem Programm enthaltenen Werkes aus der GEMA Datenbank f\u00fcr das Text und Data Mining und damit insbesondere f\u00fcr das Training einer k\u00fcnstlichen Intelligenz bleibt gem\u00e4\u00df \u00a744b UrhG ausdr\u00fccklich vorbehalten. F\u00fcr eine beabsichtigte Nutzung zu Zwecken des Text und Data Mining ist der Kontakt mit der GEMA, M\u00fcnchen, aufzunehmen!<\/strong><\/p>\n","protected":false},"excerpt":{"rendered":"<p>Radio TRIQUENCY e.V. V.i.S.d.P.: Prof. Dr. Frank Lechtenberg Technische Hochschule Ostwestfalen-Lippe Campusallee 12 32657 Lemgo Tel.: 0 52 61 \/ 70 2 24 25 Fax: 0 52 61 \/ 70 2 5 24 25 info@triquency.de www.triquency.de Inhaltlich verantwortlich nach \u00a7 55 Abs. 2 RStV: Prof. Dr. Frank Lechtenberg Anschrift: s.o. Copyright by Radio TRIQUENCY Herausgegeben [&hellip;]<\/p>\n","protected":false},"author":1,"featured_media":0,"parent":0,"menu_order":0,"comment_status":"closed","ping_status":"closed","template":"","meta":{"footnotes":""},"class_list":["post-212","page","type-page","status-publish","hentry"],"_links":{"self":[{"href":"https:\/\/triquency.de\/index.php?rest_route=\/wp\/v2\/pages\/212","targetHints":{"allow":["GET"]}}],"collection":[{"href":"https:\/\/triquency.de\/index.php?rest_route=\/wp\/v2\/pages"}],"about":[{"href":"https:\/\/triquency.de\/index.php?rest_route=\/wp\/v2\/types\/page"}],"author":[{"embeddable":true,"href":"https:\/\/triquency.de\/index.php?rest_route=\/wp\/v2\/users\/1"}],"replies":[{"embeddable":true,"href":"https:\/\/triquency.de\/index.php?rest_route=%2Fwp%2Fv2%2Fcomments&post=212"}],"version-history":[{"count":8,"href":"https:\/\/triquency.de\/index.php?rest_route=\/wp\/v2\/pages\/212\/revisions"}],"predecessor-version":[{"id":1342,"href":"https:\/\/triquency.de\/index.php?rest_route=\/wp\/v2\/pages\/212\/revisions\/1342"}],"wp:attachment":[{"href":"https:\/\/triquency.de\/index.php?rest_route=%2Fwp%2Fv2%2Fmedia&parent=212"}],"curies":[{"name":"wp","href":"https:\/\/api.w.org\/{rel}","templated":true}]}}