{"id":122,"date":"2019-01-02T16:07:30","date_gmt":"2019-01-02T16:07:30","guid":{"rendered":"http:\/\/triquency.de\/?page_id=122"},"modified":"2019-01-02T17:18:09","modified_gmt":"2019-01-02T17:18:09","slug":"geschichte","status":"publish","type":"page","link":"https:\/\/triquency.de\/?page_id=122","title":{"rendered":"\u00dcber Triquency"},"content":{"rendered":"\n<p>Zu Beginn des Jahres 2001\nplante die damalige Fachhochschule Lippe eine gro\u00dfe Feier anl\u00e4sslich ihres\n30-j\u00e4hrigen Bestehens \u2013 also eine gro\u00dfe Geburtstagsfeier!<br>\nEin Student der Elektrotechnik \u2013 Bernhard Hensel \u2013 sprach mich in der Zeit an,\nob man nicht zu diesem Anlass eine Radiosendung f\u00fcr die Hochschule machen\nk\u00f6nnte. Als langj\u00e4hriger Funk-Amateur war ich sofort begeistert. Den Sender und\ndie Antenne k\u00f6nnten wir ja zur Not selber bauen \u2013 dachte ich zun\u00e4chst. Nach\nersten Recherchen kam dann die Ern\u00fcchterung: man braucht nat\u00fcrlich eine\nSendegenehmigung, eine Frequenzplanung bis in die Niederlanden, einen Sender\nmit allgemeiner Zulassung usw. Alle angesprochenen Beh\u00f6rden waren uns jedoch\nwohlgesonnen, so dass wir mit der konkreten Planung beginnen konnten \u2013 wenn\nschon offiziell, dann auch richtig. Mithilfe von Tom Kentner mit seinem\nunersch\u00f6pflichen Vorrat an Ger\u00e4ten und ca. 20 Studierenden des damals neuen\nFachbereichs Medienproduktion entstand so innerhalb von 3 Monaten ein Studio,\nein Sender mit Antenne und nat\u00fcrlich ein Sendeplan. Die Sendung an den Tagen\nder Feier war ein voller Erfolg. Reportagen aus den Laboren, von Symposien und\nvom gro\u00dfen Hochschulball in der Lipperlandhalle hatten h\u00f6chste Einschaltquoten\nund Aufmerksamkeit.<\/p>\n\n\n\n<p>Es entstand sofort der\nWunsch, ein dauerhaftes Campusradio zu installieren. Also wurde erneut geplant:\nTechnik, Organisation, Finanzen, Genehmigungen, LfM, BaPT, Telekom, BLB,\nStudentenwerk, Rektorat, F\u00f6rderverein usw. Im Konzept des Radios stand eine\nstolze Liste von InteressentInnen aus den Fachbereichen Medienproduktion und\nElektrotechnik: [one_sixth] Promotion: Maik Biermann Meike Grosch Uli Jost\nSelmar Kix Olaf Nitz [\/one_sixth] [one_sixth] Finanzen: Wolfgang Diesel Mark\nVoit [\/one_sixth] [one_sixth] Technik: Bernhard Hensel Selmar Kix Alexander\nKoch Oliver M\u00fcller Dirk T. Uhlmann [\/one_sixth] [one_sixth] Redaktion: Meike\nGrosch Uli Jost Christian Marschalt Nina Rumke Meik Schneider Eugen Sch\u00f6nfeld\nAndr\u00e9 St\u00fccker J\u00f6rn Westermeyer [\/one_sixth] [one_sixth] Vorstand: Wolfgang\nDiesel Bernhard Hensel Selmar Kix Dirk T. Uhlmann [\/one_sixth] [one_sixth_last]\nProjektleitung: Bernhard Hensel [\/one_sixth_last]<\/p>\n\n\n\n<p>Am 08. Mai 2002 stimmte dann\nder Senat der Fachhochschule der Gr\u00fcndung eines Campusradios zu.<br>\nEs dauerte weitere 35 Monate!, bis endlich die ersehnte Sendegenehmigung\neintraf \u2013 es konnte losgehen. Leider war da bei den meisten InteressentInnen\n\u201cdie Luft raus\u201d. Die Studierenden hatten inzwischen ihr Studium beendet bzw.\nstanden kurz vor dem Abschluss. Man hatte sich die Zeit mit der Produktion von\nB\u00fcrgerfunk-Sendungen vertrieben. So wurde der Sendebetrieb mit einer kleinen\nMannschaft aufgenommen, zun\u00e4chst in Lemgo und sp\u00e4ter an den anderen Standorten\nDetmold und H\u00f6xter. Die erste Sendung fand am 22.04.2005 statt.<\/p>\n\n\n\n<p>Das Radio l\u00e4uft nun seit 10\nJahren. Ein Mal war es wegen mangelnder Beteiligung kurz vor der Aufl\u00f6sung.\nZwischendurch haben Studierende der Hochschule f\u00fcr Musik in Detmold einige\nJahre lang das Programm entscheidend mitgepr\u00e4gt. Zur Zeit ist die Aktivit\u00e4t\ngro\u00df, da die Sendungen in das Studium der Medienproduktion integriert werden\nkonnten und es gibt einen hauptamtlichen Chefredakteur. Ich finde es\nbedauerlich, dass nicht mehr Studierende die Gelegenheit ergreifen,\nMedienkompetenz w\u00e4hrend ihres Studiums zu erwerben. Bei \u201c1Live\u201d stehen die\nInteressenten Schlange. Das Projekt w\u00e4re nicht m\u00f6glich gewesen, wenn nicht der\nF\u00f6rderverein durch eine Spende von 13000 Euro und der WDR durch eine Beistellung\nmehrerer UKW-Rundfunk-Sender geholfen h\u00e4tten. Viele interne Abteilungen haben\nmit viel Elan an der Verwirklichung des Radios mitgearbeitet, Allen sei hier an\ndieser Stelle herzlich gedankt.<\/p>\n\n\n\n<p>Prof. Dr.-Ing. Jochem\nBerlemann<br>\nDezember 2011<\/p>\n","protected":false},"excerpt":{"rendered":"<p>Zu Beginn des Jahres 2001 plante die damalige Fachhochschule Lippe eine gro\u00dfe Feier anl\u00e4sslich ihres 30-j\u00e4hrigen Bestehens \u2013 also eine gro\u00dfe Geburtstagsfeier! Ein Student der Elektrotechnik \u2013 Bernhard Hensel \u2013 sprach mich in der Zeit an, ob man nicht zu diesem Anlass eine Radiosendung f\u00fcr die Hochschule machen k\u00f6nnte. Als langj\u00e4hriger Funk-Amateur war ich sofort [&hellip;]<\/p>\n","protected":false},"author":1,"featured_media":0,"parent":0,"menu_order":0,"comment_status":"closed","ping_status":"closed","template":"","meta":{"footnotes":""},"class_list":["post-122","page","type-page","status-publish","hentry"],"_links":{"self":[{"href":"https:\/\/triquency.de\/index.php?rest_route=\/wp\/v2\/pages\/122","targetHints":{"allow":["GET"]}}],"collection":[{"href":"https:\/\/triquency.de\/index.php?rest_route=\/wp\/v2\/pages"}],"about":[{"href":"https:\/\/triquency.de\/index.php?rest_route=\/wp\/v2\/types\/page"}],"author":[{"embeddable":true,"href":"https:\/\/triquency.de\/index.php?rest_route=\/wp\/v2\/users\/1"}],"replies":[{"embeddable":true,"href":"https:\/\/triquency.de\/index.php?rest_route=%2Fwp%2Fv2%2Fcomments&post=122"}],"version-history":[{"count":3,"href":"https:\/\/triquency.de\/index.php?rest_route=\/wp\/v2\/pages\/122\/revisions"}],"predecessor-version":[{"id":218,"href":"https:\/\/triquency.de\/index.php?rest_route=\/wp\/v2\/pages\/122\/revisions\/218"}],"wp:attachment":[{"href":"https:\/\/triquency.de\/index.php?rest_route=%2Fwp%2Fv2%2Fmedia&parent=122"}],"curies":[{"name":"wp","href":"https:\/\/api.w.org\/{rel}","templated":true}]}}