{"id":115,"date":"2019-01-02T16:05:50","date_gmt":"2019-01-02T16:05:50","guid":{"rendered":"http:\/\/triquency.de\/?page_id=115"},"modified":"2023-12-07T14:10:03","modified_gmt":"2023-12-07T14:10:03","slug":"sendungen","status":"publish","type":"page","link":"https:\/\/triquency.de\/?page_id=115","title":{"rendered":"Sendungen"},"content":{"rendered":"\n<h2 class=\"wp-block-heading\">#Neu<\/h2>\n\n\n\n<p>Dieses Semester geht es um die Dinge, die uns als junge Generation besch\u00e4ftigen und vieles was #Neu f\u00fcr uns alle ist. <\/p>\n\n\n\n<p><\/p>\n\n\n\n<p><\/p>\n\n\n\n<p>Nachzuh\u00f6ren wie immer hier: <\/p>\n\n\n\n<figure class=\"wp-block-embed is-type-rich is-provider-soundcloud wp-block-embed-soundcloud wp-embed-aspect-4-3 wp-has-aspect-ratio\"><div class=\"wp-block-embed__wrapper\">\n<iframe loading=\"lazy\" title=\"Triquency\" width=\"500\" height=\"450\" scrolling=\"no\" frameborder=\"no\" src=\"https:\/\/w.soundcloud.com\/player\/?visual=true&#038;url=https%3A%2F%2Fapi.soundcloud.com%2Fusers%2F5746374&#038;show_artwork=true&#038;maxheight=750&#038;maxwidth=500\"><\/iframe>\n<\/div><\/figure>\n\n\n\n<p><\/p>\n\n\n\n<h2 class=\"wp-block-heading\">Vinyladvent <\/h2>\n\n\n\n<p>In der Sendung &#8222;Vinyladvent 2023&#8220; pr\u00e4sentieren Jenny Karpe und Frank Lechtenberg erneut eine musikalische Zeitreise. Zu h\u00f6ren gibt es die besten Alben des Jahres sowie einige Klassiker von Vinyl auf und die beiden spielen abwechselnd ihre Favoriten\u2026<\/p>\n\n\n\n<p>Nachzuh\u00f6ren ist alles bei NRWision:<\/p>\n\n\n\n<p><a href=\"https:\/\/www.nrwision.de\/mediathek\/vinyladvent-drab-majesty-lo-moon-die-andere-seite-221219\/\/\" data-type=\"URL\" data-id=\"https:\/\/www.nrwision.de\/mediathek\/vinyladvent-drab-majesty-lo-moon-die-andere-seite-221219\/\/\">https:\/\/www.nrwision.de\/mediathek\/vinyladvent-drab-majesty-lo-moon-die-andere-seite-221219\/\/<\/a><\/p>\n\n\n\n<figure class=\"wp-block-image size-large\"><img loading=\"lazy\" decoding=\"async\" width=\"1024\" height=\"575\" src=\"https:\/\/triquency.de\/wp-content\/uploads\/2022\/12\/webseite-1024x575.png\" alt=\"\" class=\"wp-image-1208\" srcset=\"https:\/\/triquency.de\/wp-content\/uploads\/2022\/12\/webseite-1024x575.png 1024w, https:\/\/triquency.de\/wp-content\/uploads\/2022\/12\/webseite-300x168.png 300w, https:\/\/triquency.de\/wp-content\/uploads\/2022\/12\/webseite-768x431.png 768w, https:\/\/triquency.de\/wp-content\/uploads\/2022\/12\/webseite.png 1081w\" sizes=\"auto, (max-width: 1024px) 100vw, 1024px\" \/><\/figure>\n\n\n\n<p><\/p>\n","protected":false},"excerpt":{"rendered":"<p>#Neu Dieses Semester geht es um die Dinge, die uns als junge Generation besch\u00e4ftigen und vieles was #Neu f\u00fcr uns alle ist. Nachzuh\u00f6ren wie immer hier: Vinyladvent In der Sendung &#8222;Vinyladvent 2023&#8220; pr\u00e4sentieren Jenny Karpe und Frank Lechtenberg erneut eine musikalische Zeitreise. Zu h\u00f6ren gibt es die besten Alben des Jahres sowie einige Klassiker von [&hellip;]<\/p>\n","protected":false},"author":1,"featured_media":0,"parent":0,"menu_order":0,"comment_status":"closed","ping_status":"closed","template":"","meta":{"footnotes":""},"class_list":["post-115","page","type-page","status-publish","hentry"],"_links":{"self":[{"href":"https:\/\/triquency.de\/index.php?rest_route=\/wp\/v2\/pages\/115","targetHints":{"allow":["GET"]}}],"collection":[{"href":"https:\/\/triquency.de\/index.php?rest_route=\/wp\/v2\/pages"}],"about":[{"href":"https:\/\/triquency.de\/index.php?rest_route=\/wp\/v2\/types\/page"}],"author":[{"embeddable":true,"href":"https:\/\/triquency.de\/index.php?rest_route=\/wp\/v2\/users\/1"}],"replies":[{"embeddable":true,"href":"https:\/\/triquency.de\/index.php?rest_route=%2Fwp%2Fv2%2Fcomments&post=115"}],"version-history":[{"count":24,"href":"https:\/\/triquency.de\/index.php?rest_route=\/wp\/v2\/pages\/115\/revisions"}],"predecessor-version":[{"id":1303,"href":"https:\/\/triquency.de\/index.php?rest_route=\/wp\/v2\/pages\/115\/revisions\/1303"}],"wp:attachment":[{"href":"https:\/\/triquency.de\/index.php?rest_route=%2Fwp%2Fv2%2Fmedia&parent=115"}],"curies":[{"name":"wp","href":"https:\/\/api.w.org\/{rel}","templated":true}]}}