{"id":1089,"date":"2022-12-19T14:53:51","date_gmt":"2022-12-19T14:53:51","guid":{"rendered":"https:\/\/triquency.de\/?page_id=1089"},"modified":"2026-01-25T18:23:39","modified_gmt":"2026-01-25T18:23:39","slug":"colibri-wp","status":"publish","type":"page","link":"https:\/\/triquency.de\/","title":{"rendered":"Radio Triquency"},"content":{"rendered":"\n<p class=\"has-text-align-center has-large-font-size\"><strong>Radio Triquency X ABALOUD<\/strong><\/p>\n\n\n\n<figure class=\"wp-block-video aligncenter\"><video height=\"1080\" style=\"aspect-ratio: 1920 \/ 1080;\" width=\"1920\" controls src=\"https:\/\/triquency.de\/wp-content\/uploads\/2026\/01\/AbaloudFinalHD-4.mp4\"><\/video><\/figure>\n\n\n\n<p class=\"has-text-align-center\">Der Radio Triquency x ABALOUD Live-Konzert Aftermovie vom 13.01.2026.<\/p>\n\n\n\n<hr class=\"wp-block-separator has-alpha-channel-opacity\"\/>\n\n\n\n<p class=\"has-text-align-center has-large-font-size\"><strong>Tri &amp; Error Live Pocast<\/strong><\/p>\n\n\n\n<p class=\"has-text-align-center has-large-font-size\"><strong>Jetzt anh\u00f6ren<\/strong><\/p>\n\n\n\n<figure class=\"wp-block-video aligncenter\"><video height=\"1080\" style=\"aspect-ratio: 1920 \/ 1080;\" width=\"1920\" controls src=\"https:\/\/triquency.de\/wp-content\/uploads\/2026\/01\/IntroLivePodcastHD.mp4\"><\/video><\/figure>\n\n\n\n<p class=\"has-text-align-center\">Am 12.01.2026 haben wir unseren Podcast Live aufgenommen und im Radio \u00fcbertragen. Amelie und Simon hatten mit Dominik Tegeler (Radio Lippe), Maurice Felge (WDR) und Jann Kindler (aka kellzpellz) drei tolle G\u00e4ste auf der Podcast-Couch und ein wunderbares Publikum im Studio. Gemeinsam haben sie \u00fcber die Arbeit beim Radio, berufliche Wege in der Medienbranche, kreative Prozesse und das Leben als Content Creator gesprochen.<\/p>\n\n\n\n<p class=\"has-text-align-center\">Die Live Auskopplung vom Radio Triquency Podcast &#8222;Tri &amp; Error&#8220; findet ihr <a href=\"https:\/\/open.spotify.com\/episode\/6hkvRbGEr4dgNGXwUaankg?si=c0d33bf7a8684827\" data-type=\"link\" data-id=\"https:\/\/open.spotify.com\/episode\/6hkvRbGEr4dgNGXwUaankg?si=c0d33bf7a8684827\">hier<\/a>.<\/p>\n\n\n\n<hr class=\"wp-block-separator has-alpha-channel-opacity\"\/>\n\n\n\n<p class=\"has-text-align-center has-large-font-size\"><strong>LIVE-Woche im Januar<\/strong><\/p>\n\n\n\n<div class=\"wp-block-columns are-vertically-aligned-center is-layout-flex wp-container-core-columns-is-layout-9d6595d7 wp-block-columns-is-layout-flex\">\n<div class=\"wp-block-column is-vertically-aligned-center is-layout-flow wp-block-column-is-layout-flow\"><div class=\"wp-block-image\">\n<figure class=\"aligncenter size-large\"><img loading=\"lazy\" decoding=\"async\" width=\"724\" height=\"1024\" src=\"https:\/\/triquency.de\/wp-content\/uploads\/2026\/01\/PlakatQRCODE-1-724x1024.jpg\" alt=\"\" class=\"wp-image-1506\" srcset=\"https:\/\/triquency.de\/wp-content\/uploads\/2026\/01\/PlakatQRCODE-1-724x1024.jpg 724w, https:\/\/triquency.de\/wp-content\/uploads\/2026\/01\/PlakatQRCODE-1-212x300.jpg 212w, https:\/\/triquency.de\/wp-content\/uploads\/2026\/01\/PlakatQRCODE-1-768x1086.jpg 768w, https:\/\/triquency.de\/wp-content\/uploads\/2026\/01\/PlakatQRCODE-1-1086x1536.jpg 1086w, https:\/\/triquency.de\/wp-content\/uploads\/2026\/01\/PlakatQRCODE-1-1448x2048.jpg 1448w, https:\/\/triquency.de\/wp-content\/uploads\/2026\/01\/PlakatQRCODE-1-scaled.jpg 1810w\" sizes=\"auto, (max-width: 724px) 100vw, 724px\" \/><\/figure>\n<\/div>\n\n\n<p class=\"has-text-align-center\">Hier kommt ihr zu den <a href=\"https:\/\/www.eventbrite.de\/e\/triquency-live-tri-und-error-podcast-live-tickets-1978376954728?aff=oddtdtcreator\" data-type=\"link\" data-id=\"https:\/\/www.eventbrite.de\/e\/triquency-live-tri-und-error-podcast-live-tickets-1978376954728?aff=oddtdtcreator\">Tickets <\/a>f\u00fcr den Tri &amp; Error Live-Podcast am Montag, <strong>12.01.26<\/strong>.<\/p>\n<\/div>\n\n\n\n<div class=\"wp-block-column is-vertically-aligned-center is-layout-flow wp-block-column-is-layout-flow\"><div class=\"wp-block-image\">\n<figure class=\"aligncenter size-large\"><img loading=\"lazy\" decoding=\"async\" width=\"724\" height=\"1024\" src=\"https:\/\/triquency.de\/wp-content\/uploads\/2026\/01\/v5QRCODE-724x1024.jpg\" alt=\"\" class=\"wp-image-1509\" srcset=\"https:\/\/triquency.de\/wp-content\/uploads\/2026\/01\/v5QRCODE-724x1024.jpg 724w, https:\/\/triquency.de\/wp-content\/uploads\/2026\/01\/v5QRCODE-212x300.jpg 212w, https:\/\/triquency.de\/wp-content\/uploads\/2026\/01\/v5QRCODE-768x1086.jpg 768w, https:\/\/triquency.de\/wp-content\/uploads\/2026\/01\/v5QRCODE-1086x1536.jpg 1086w, https:\/\/triquency.de\/wp-content\/uploads\/2026\/01\/v5QRCODE-1448x2048.jpg 1448w, https:\/\/triquency.de\/wp-content\/uploads\/2026\/01\/v5QRCODE-scaled.jpg 1810w\" sizes=\"auto, (max-width: 724px) 100vw, 724px\" \/><\/figure>\n<\/div>\n\n\n<p>Hier kommt ihr zu den <a href=\"https:\/\/www.eventbrite.de\/e\/triquency-live-abaloud-tickets-1975965296393?aff=oddtdtcreator\" data-type=\"link\" data-id=\"https:\/\/www.eventbrite.de\/e\/triquency-live-abaloud-tickets-1975965296393?aff=oddtdtcreator\">Tickets<\/a> f\u00fcr die ABALOUD Live-Show am Dienstag, <strong>13.01.26<\/strong>.<\/p>\n<\/div>\n<\/div>\n\n\n\n<hr class=\"wp-block-separator has-alpha-channel-opacity\"\/>\n\n\n\n<p class=\"has-text-align-center has-large-font-size\"><strong>Vinyladvent 2025 <\/strong><\/p>\n\n\n\n<p class=\"has-text-align-center has-large-font-size\"><strong>Jetzt anh\u00f6ren<\/strong><\/p>\n\n\n<div class=\"wp-block-image\">\n<figure class=\"aligncenter size-large\"><img loading=\"lazy\" decoding=\"async\" width=\"1024\" height=\"1024\" src=\"https:\/\/triquency.de\/wp-content\/uploads\/2025\/12\/IMG_6449-1024x1024.jpeg\" alt=\"\" class=\"wp-image-1467\" srcset=\"https:\/\/triquency.de\/wp-content\/uploads\/2025\/12\/IMG_6449-1024x1024.jpeg 1024w, https:\/\/triquency.de\/wp-content\/uploads\/2025\/12\/IMG_6449-300x300.jpeg 300w, https:\/\/triquency.de\/wp-content\/uploads\/2025\/12\/IMG_6449-150x150.jpeg 150w, https:\/\/triquency.de\/wp-content\/uploads\/2025\/12\/IMG_6449-768x768.jpeg 768w, https:\/\/triquency.de\/wp-content\/uploads\/2025\/12\/IMG_6449-1536x1536.jpeg 1536w, https:\/\/triquency.de\/wp-content\/uploads\/2025\/12\/IMG_6449-2048x2048.jpeg 2048w\" sizes=\"auto, (max-width: 1024px) 100vw, 1024px\" \/><\/figure>\n<\/div>\n\n\n<p class=\"has-text-align-center\">Die neueste Schallplatte in der Sammlung von Moderatorin Jenny Karpe ist das Album &#8222;Bryter Layter&#8220; von Nick Drake. Daraus stellt sie den Song &#8222;Northern Sky&#8220; vor. Au\u00dferdem hat sie das Lied &#8222;Stockholm&#8220; vom 2025 erschienenen Album &#8222;Bitter\n                      and Twisted&#8220; der&nbsp;Band&nbsp;&#8222;Basht.&#8220; mitgebracht. Moderator Frank Lechtenberg hat unter anderem seine Lieblingsplatte aus 2025 dabei: &#8222;SABLE, fABLE&#8220; von &#8222;Bon Iver&#8220;. Daraus pr\u00e4sentiert er das Lied &#8222;Walk Home&#8220;. Die&nbsp;Band&nbsp;&#8222;Cardinal\n                      Black&#8220; hat er erst k\u00fcrzlich live gesehen und spielt daher ihren Song &#8222;Holding My Breath&#8220;.<\/p>\n\n\n\n<p class=\"has-text-align-center\">Die aktuelle Folge vom Vinyladvent h\u00f6rt ihr am 24.12. um 15:00 Uhr bei uns im Programm und bereits jetzt bei NRWision.<\/p>\n\n\n\n<p class=\"has-text-align-center\">Auf\n                      <a href=\"https:\/\/www.nrwision.de\/mediathek\/vinyladvent-nick-drake-bon-iver-cardinal-black-251211\/\" data-type=\"link\" data-id=\"https:\/\/www.nrwision.de\/mediathek\/vinyladvent-nick-drake-bon-iver-cardinal-black-251211\/\">NRWision<\/a> anh\u00f6ren<\/p>\n\n\n\n<p class=\"has-text-align-center has-large-font-size\"><strong>Unser Team hebt ab beim Airport Run 2025<\/strong><\/p>\n\n\n<div class=\"wp-block-image\">\n<figure class=\"aligncenter size-large\"><img loading=\"lazy\" decoding=\"async\" width=\"1024\" height=\"971\" src=\"https:\/\/triquency.de\/wp-content\/uploads\/2025\/11\/d62c27aa-d7e2-414e-8efb-53219d447798-1024x971.jpg\" alt=\"\" class=\"wp-image-1460\" srcset=\"https:\/\/triquency.de\/wp-content\/uploads\/2025\/11\/d62c27aa-d7e2-414e-8efb-53219d447798-1024x971.jpg 1024w, https:\/\/triquency.de\/wp-content\/uploads\/2025\/11\/d62c27aa-d7e2-414e-8efb-53219d447798-300x285.jpg 300w, https:\/\/triquency.de\/wp-content\/uploads\/2025\/11\/d62c27aa-d7e2-414e-8efb-53219d447798-768x728.jpg 768w, https:\/\/triquency.de\/wp-content\/uploads\/2025\/11\/d62c27aa-d7e2-414e-8efb-53219d447798-1536x1457.jpg 1536w, https:\/\/triquency.de\/wp-content\/uploads\/2025\/11\/d62c27aa-d7e2-414e-8efb-53219d447798-2048x1942.jpg 2048w\" sizes=\"auto, (max-width: 1024px) 100vw, 1024px\" \/><\/figure>\n<\/div>\n\n\n<p class=\"has-text-align-center\">F\u00fcnf Mitglieder aus unserem Verein sind beim diesj\u00e4hrigen Airport Run am Flughafen Paderborn\/Lippstadt angetreten. 5,5 Kilometer standen vor unseren L\u00e4uferinnen und L\u00e4ufern, die unser schnellstes Mitglied bereits nach 29:09 Minuten\n                      absolviert hat. In der Firmenwertung sind wir damit auf Platz 34 gelandet.<\/p>\n\n\n\n<p class=\"has-text-align-center\">Insgesamt haben am Airport Run mehr als 2500 L\u00e4uferinnen und L\u00e4ufer teilgenommen. Beim 5,5 Kilometer-Lauf waren es etwa 780 Personen.<\/p>\n\n\n\n<p class=\"has-text-align-center\">Wir freuen uns \u00fcber die fantastische Platzierung!\n                      <br>&#x1f6eb;<\/p>\n\n\n\n<p class=\"has-text-align-center has-large-font-size\"><strong>Wir bleiben on air!<\/strong> <\/p>\n\n\n<div class=\"wp-block-image\">\n<figure class=\"aligncenter size-large\"><img loading=\"lazy\" decoding=\"async\" width=\"1024\" height=\"683\" src=\"https:\/\/triquency.de\/wp-content\/uploads\/2025\/08\/TRIQ-Maria-Alex-1-kl-1024x683.jpg\" alt=\"\" class=\"wp-image-1450\" srcset=\"https:\/\/triquency.de\/wp-content\/uploads\/2025\/08\/TRIQ-Maria-Alex-1-kl-1024x683.jpg 1024w, https:\/\/triquency.de\/wp-content\/uploads\/2025\/08\/TRIQ-Maria-Alex-1-kl-300x200.jpg 300w, https:\/\/triquency.de\/wp-content\/uploads\/2025\/08\/TRIQ-Maria-Alex-1-kl-768x512.jpg 768w, https:\/\/triquency.de\/wp-content\/uploads\/2025\/08\/TRIQ-Maria-Alex-1-kl-1536x1024.jpg 1536w, https:\/\/triquency.de\/wp-content\/uploads\/2025\/08\/TRIQ-Maria-Alex-1-kl.jpg 1920w\" sizes=\"auto, (max-width: 1024px) 100vw, 1024px\" \/><\/figure>\n<\/div>\n\n\n<p class=\"has-text-align-center\">Unsere UKW-Lizenz ist von der Landesanstalt f\u00fcr Medien NRW bis 2029 verl\u00e4ngert worden. Bei uns erhaltet ihr weiterhin aktuelle Musik und Informationen. Von Studierenden f\u00fcr Studierende.<\/p>\n\n\n\n<h2 class=\"wp-block-heading has-text-align-center has-large-font-size\"><strong>Plattenduett feiert Folge 100<\/strong><\/h2>\n\n\n<div class=\"wp-block-image\">\n<figure class=\"aligncenter size-full\"><img loading=\"lazy\" decoding=\"async\" width=\"560\" height=\"315\" src=\"https:\/\/triquency.de\/wp-content\/uploads\/2024\/09\/Plattenduett-Layout-Folge-100.png\" alt=\"\" class=\"wp-image-1354\" srcset=\"https:\/\/triquency.de\/wp-content\/uploads\/2024\/09\/Plattenduett-Layout-Folge-100.png 560w, https:\/\/triquency.de\/wp-content\/uploads\/2024\/09\/Plattenduett-Layout-Folge-100-300x169.png 300w\" sizes=\"auto, (max-width: 560px) 100vw, 560px\" \/><\/figure>\n<\/div>\n\n\n<p class=\"has-text-align-center\">Am Montag den 23.09.24 ist es soweit. Die 100.(!!!) Folge unseres Musikpodcasts Plattenduett feiert Premiere auf Radio Triquency und ist danach\n                      <a href=\"https:\/\/www.nrwision.de\/mediathek\/sendungen\/plattenduett\/neueste\">auf nrwision nachzuh\u00f6ren<\/a>! Jenny und Frank stellen neben zwei neuen Alben von The The und Who Made Who auch je zwei Songs vor, die sie selber in den vergangenen 5 Jahren Plattenduett durch den und die jeweils andere(n) entdeckt\n                      haben. Da gibt es Musik von Midlake, Hachiku, Orlando Weeks oder Tom Misch und Yussef Dayes zu h\u00f6ren. Auf die n\u00e4chsten 100 Folgen hier bei RADIO TRIQUENCY!<\/p>\n\n\n\n<p><\/p>\n\n\n\n<p class=\"has-text-align-center has-large-font-size\"><strong>LIVE-Woche im Januar<\/strong><\/p>\n\n\n\n<div class=\"wp-block-columns is-layout-flex wp-container-core-columns-is-layout-9d6595d7 wp-block-columns-is-layout-flex\">\n<div class=\"wp-block-column is-layout-flow wp-block-column-is-layout-flow\"><div class=\"wp-block-image\">\n<figure class=\"aligncenter size-full is-resized\"><img loading=\"lazy\" decoding=\"async\" width=\"3368\" height=\"4763\" src=\"https:\/\/triquency.de\/wp-content\/uploads\/2024\/12\/Booknight.png\" alt=\"\" class=\"wp-image-1366\" style=\"width:424px\" srcset=\"https:\/\/triquency.de\/wp-content\/uploads\/2024\/12\/Booknight.png 3368w, https:\/\/triquency.de\/wp-content\/uploads\/2024\/12\/Booknight-212x300.png 212w, https:\/\/triquency.de\/wp-content\/uploads\/2024\/12\/Booknight-724x1024.png 724w, https:\/\/triquency.de\/wp-content\/uploads\/2024\/12\/Booknight-768x1086.png 768w, https:\/\/triquency.de\/wp-content\/uploads\/2024\/12\/Booknight-1086x1536.png 1086w, https:\/\/triquency.de\/wp-content\/uploads\/2024\/12\/Booknight-1448x2048.png 1448w\" sizes=\"auto, (max-width: 3368px) 100vw, 3368px\" \/><\/figure>\n<\/div><\/div>\n\n\n\n<div class=\"wp-block-column is-layout-flow wp-block-column-is-layout-flow\"><div class=\"wp-block-image\">\n<figure class=\"aligncenter size-full is-resized\"><img loading=\"lazy\" decoding=\"async\" width=\"3369\" height=\"4763\" src=\"https:\/\/triquency.de\/wp-content\/uploads\/2024\/12\/Konzert-2025.png\" alt=\"\" class=\"wp-image-1367\" style=\"width:424px;height:auto\" srcset=\"https:\/\/triquency.de\/wp-content\/uploads\/2024\/12\/Konzert-2025.png 3369w, https:\/\/triquency.de\/wp-content\/uploads\/2024\/12\/Konzert-2025-212x300.png 212w, https:\/\/triquency.de\/wp-content\/uploads\/2024\/12\/Konzert-2025-724x1024.png 724w, https:\/\/triquency.de\/wp-content\/uploads\/2024\/12\/Konzert-2025-768x1086.png 768w, https:\/\/triquency.de\/wp-content\/uploads\/2024\/12\/Konzert-2025-1086x1536.png 1086w, https:\/\/triquency.de\/wp-content\/uploads\/2024\/12\/Konzert-2025-1449x2048.png 1449w\" sizes=\"auto, (max-width: 3369px) 100vw, 3369px\" \/><\/figure>\n<\/div><\/div>\n<\/div>\n\n\n\n<div class=\"wp-block-columns is-layout-flex wp-container-core-columns-is-layout-9d6595d7 wp-block-columns-is-layout-flex\">\n<div class=\"wp-block-column is-layout-flow wp-block-column-is-layout-flow\">\n<p><\/p>\n\n\n\n<p class=\"has-text-align-center\">Hier kommt ihr zu den <strong><a href=\"https:\/\/www.eventbrite.de\/e\/triquency-live-booknight-2025-tickets-1112430462459?aff=oddtdtcreator\" data-type=\"link\" data-id=\"https:\/\/www.eventbrite.de\/e\/triquency-live-booknight-2025-tickets-1112430462459?aff=oddtdtcreator\">Tickets<\/a><\/strong>                          f\u00fcr die Booknight am <strong>16.01.25<\/strong>.<\/p>\n<\/div>\n\n\n\n<div class=\"wp-block-column is-layout-flow wp-block-column-is-layout-flow\">\n<p><\/p>\n\n\n\n<p class=\"has-text-align-center\">Hier kommt ihr zu den <strong><a href=\"https:\/\/www.eventbrite.de\/e\/triquency-live-joon-tickets-1109064494759?aff=erelpanelorg\" data-type=\"link\" data-id=\"https:\/\/www.eventbrite.de\/e\/triquency-live-joon-tickets-1109064494759?aff=erelpanelorg\">Tickets<\/a><\/strong>                          f\u00fcr das Konzert am <strong>17.01.25<\/strong>. <\/p>\n<\/div>\n<\/div>\n\n\n\n<p><\/p>\n\n\n\n<h2 class=\"wp-block-heading\"><\/h2>\n\n\n\n<p><\/p>\n\n\n<div class=\"wp-block-image\">\n<figure class=\"aligncenter size-large\"><img loading=\"lazy\" decoding=\"async\" width=\"1024\" height=\"575\" src=\"https:\/\/triquency.de\/wp-content\/uploads\/2022\/12\/webseite-1024x575.png\" alt=\"\" class=\"wp-image-1208\" srcset=\"https:\/\/triquency.de\/wp-content\/uploads\/2022\/12\/webseite-1024x575.png 1024w, https:\/\/triquency.de\/wp-content\/uploads\/2022\/12\/webseite-300x168.png 300w, https:\/\/triquency.de\/wp-content\/uploads\/2022\/12\/webseite-768x431.png 768w, https:\/\/triquency.de\/wp-content\/uploads\/2022\/12\/webseite.png 1081w\" sizes=\"auto, (max-width: 1024px) 100vw, 1024px\" \/><\/figure>\n<\/div>\n\n\n<p class=\"has-text-align-center\">In der Sendung \u201eVinyladvent 2023\u201c pr\u00e4sentieren Jenny Karpe und Frank Lechtenberg am 19.12.2023 um 16 Uhr aktuelles Vinyl und Klassiker aus ihrer umfangreichen Plattensammlung. <\/p>\n\n\n\n<p class=\"has-text-align-center\">Jenny legt vor, Frank antwortet, so beginnt die Show und nach einer Stunde wendet sich das Blatt: Frank legt musikalisch vor und Jenny antwortet mit einer eigenen Platte!<\/p>\n\n\n\n<p class=\"has-text-align-center\">Wer die Live-Sendung nicht mitbekommen kann, f\u00fcr den gibt es an Heiligabend ab 15 Uhr die Wiederholung &#8211; Warten auf&#8217;s Christkind mal analog und mit Vinyl!<\/p>\n\n\n\n<p class=\"has-text-align-center\">Die Sendungen der vergangenen Jahre sind nachzuh\u00f6ren bei NRWision:<\/p>\n\n\n\n<p class=\"has-text-align-center\">\n                      <a href=\"https:\/\/www.nrwision.de\/mediathek\/vinyladvent-drab-majesty-lo-moon-die-andere-seite-221219\/\">https:\/\/www.nrwision.de\/mediathek\/vinyladvent-drab-majesty-lo-moon-die-andere-seite-221219\/<\/a>\n                    <\/p>\n\n\n\n<p><\/p>\n\n\n\n<hr class=\"wp-block-separator has-alpha-channel-opacity\"\/>\n\n\n\n<p><\/p>\n\n\n\n<p><\/p>\n\n\n\n<p><\/p>\n\n\n\n<p><\/p>\n\n\n\n<p><\/p>\n\n\n<\/div>\n<\/div>\n<\/div>\n<\/div>\n<\/div>\n<\/div>\n<\/div>\n<\/div>\n<\/div>\n<\/div>","protected":false},"excerpt":{"rendered":"<p>Radio Triquency X ABALOUD Der Radio Triquency x ABALOUD Live-Konzert Aftermovie vom 13.01.2026. Tri &amp; Error Live Pocast Jetzt anh\u00f6ren Am 12.01.2026 haben wir unseren Podcast Live aufgenommen und im Radio \u00fcbertragen. Amelie und Simon hatten mit Dominik Tegeler (Radio Lippe), Maurice Felge (WDR) und Jann Kindler (aka kellzpellz) drei tolle G\u00e4ste auf der Podcast-Couch [&hellip;]<\/p>\n","protected":false},"author":10,"featured_media":0,"parent":0,"menu_order":0,"comment_status":"closed","ping_status":"closed","template":"page-templates\/homepage.php","meta":{"footnotes":""},"class_list":["post-1089","page","type-page","status-publish","hentry"],"_links":{"self":[{"href":"https:\/\/triquency.de\/index.php?rest_route=\/wp\/v2\/pages\/1089","targetHints":{"allow":["GET"]}}],"collection":[{"href":"https:\/\/triquency.de\/index.php?rest_route=\/wp\/v2\/pages"}],"about":[{"href":"https:\/\/triquency.de\/index.php?rest_route=\/wp\/v2\/types\/page"}],"author":[{"embeddable":true,"href":"https:\/\/triquency.de\/index.php?rest_route=\/wp\/v2\/users\/10"}],"replies":[{"embeddable":true,"href":"https:\/\/triquency.de\/index.php?rest_route=%2Fwp%2Fv2%2Fcomments&post=1089"}],"version-history":[{"count":20,"href":"https:\/\/triquency.de\/index.php?rest_route=\/wp\/v2\/pages\/1089\/revisions"}],"predecessor-version":[{"id":1569,"href":"https:\/\/triquency.de\/index.php?rest_route=\/wp\/v2\/pages\/1089\/revisions\/1569"}],"wp:attachment":[{"href":"https:\/\/triquency.de\/index.php?rest_route=%2Fwp%2Fv2%2Fmedia&parent=1089"}],"curies":[{"name":"wp","href":"https:\/\/api.w.org\/{rel}","templated":true}]}}